{"id":4,"date":"2016-08-04T16:53:58","date_gmt":"2016-08-04T16:53:58","guid":{"rendered":"http:\/\/demo.themetor.com\/bizpro\/?page_id=4"},"modified":"2020-02-17T12:49:21","modified_gmt":"2020-02-17T12:49:21","slug":"homepage","status":"publish","type":"page","link":"http:\/\/abuerdan.com\/es\/","title":{"rendered":"P\u00e1gina principal"},"content":{"rendered":"<div class=\"vc_row wpb_row vc_row-fluid vc_custom_1473104552943\"><div class=\"wpb_column vc_column_container vc_col-sm-3\"><div class=\"vc_column-inner\"><div class=\"wpb_wrapper\"><div class=\"services services_b style1 services_padding  clearfix\"  style=\"background:#ffffff;border:solid 1px #dddddd;\"><div><h3><a href=\"http:\/\/abuerdan.com\/es\/solutions\/\" target=\"_self\" >Visibilidad<\/a><\/h3><span class=\"bar\"><\/span><p>Brindar una visibilidad clara de las operaciones de la empresa mediante paneles de administraci\u00f3n informativos y f\u00e1ciles de usar que brindan informaci\u00f3n precisa y actualizada.<\/p><\/div><a class='btn mrdd  tbutton5 customcolor' href='http:\/\/abuerdan.com\/es\/solutions\/' target='_self'  style=\"background-color:#3bb73e;color:#ffffff;\" >Aprende m\u00e1s<\/a><\/div><\/div><\/div><\/div><div class=\"wpb_column vc_column_container vc_col-sm-3\"><div class=\"vc_column-inner\"><div class=\"wpb_wrapper\"><div class=\"services services_b style1 services_padding  clearfix\"  style=\"background:#ffffff;border:solid 1px #dddddd;\"><div><h3><a href=\"http:\/\/abuerdan.com\/es\/solutions\/\" target=\"_self\" >Controlar<\/a><\/h3><span class=\"bar\"><\/span><p>Las autorizaciones y permisos est\u00e1n disponibles en m\u00faltiples niveles, lo que permite controlar qui\u00e9n tiene acceso a qu\u00e9 datos y cu\u00e1ndo a lo largo de la cadena de valor.<\/p><\/div><a class='btn mrdd  tbutton5 customcolor' href='http:\/\/abuerdan.com\/es\/solutions\/' target='_self'  style=\"background-color:#3bb73e;color:#ffffff;\" >Aprende m\u00e1s<\/a><\/div><\/div><\/div><\/div><div class=\"wpb_column vc_column_container vc_col-sm-3\"><div class=\"vc_column-inner\"><div class=\"wpb_wrapper\"><div class=\"services services_b style1 services_padding  clearfix\"  style=\"background:#ffffff;border:solid 1px #dddddd;\"><div><h3><a href=\"http:\/\/abuerdan.com\/es\/solutions\/\" target=\"_self\" >Eficiencia<\/a><\/h3><span class=\"bar\"><\/span><p>Est\u00e9 atento a d\u00f3nde se compara con las mejores pr\u00e1cticas y descubra cualquier desviaci\u00f3n para una investigaci\u00f3n r\u00e1pida y acciones correctivas.<\/p><\/div><a class='btn mrdd  tbutton5 customcolor' href='http:\/\/abuerdan.com\/es\/solutions\/' target='_self'  style=\"background-color:#3bb73e;color:#ffffff;\" >Aprende m\u00e1s<\/a><\/div><\/div><\/div><\/div><div class=\"wpb_column vc_column_container vc_col-sm-3\"><div class=\"vc_column-inner\"><div class=\"wpb_wrapper\"><div class=\"services services_b style1 services_padding  clearfix\"  style=\"background:#ffffff;border:solid 1px #dddddd;\"><div><h3><a href=\"http:\/\/abuerdan.com\/es\/solutions\/\" target=\"_self\" >Integraci\u00f3n y trazabilidad<\/a><\/h3><span class=\"bar\"><\/span><p>Trazabilidad completa a trav\u00e9s de una integraci\u00f3n perfecta en todas las etapas de la cadena de valor.<\/p><\/div><a class='btn mrdd  tbutton5 customcolor' href='http:\/\/abuerdan.com\/es\/solutions\/' target='_self'  style=\"background-color:#3bb73e;color:#ffffff;\" >Aprende m\u00e1s<\/a><\/div><\/div><\/div><\/div><\/div><div class=\"vc_row wpb_row vc_row-fluid\"><div class=\"wpb_column vc_column_container vc_col-sm-12\"><div class=\"vc_column-inner\"><div class=\"wpb_wrapper\"><div class=\"gap clearfix\" style=\"height: 60px;\"><\/div>\n\t<div class=\"wpb_text_column wpb_content_element\" >\n\t\t<div class=\"wpb_wrapper\">\n\t\t\t<h2 style=\"text-align: center;\">\u00a1AbuErdan te da poder!<\/h2>\n\n\t\t<\/div>\n\t<\/div>\n<\/div><\/div><\/div><\/div><div class=\"vc_row wpb_row vc_row-fluid\"><div class=\"wpb_column vc_column_container vc_col-sm-4\"><div class=\"vc_column-inner\"><div class=\"wpb_wrapper\"><div class=\"gap clearfix\" style=\"height: 40px;\"><\/div><div class=\"services style1 right clearfix\" ><div><h3>Aproveche al m\u00e1ximo el potencial de raza<\/h3><p><span style=\"font-weight: 400;\">El an\u00e1lisis de datos utilizando sistemas inform\u00e1ticos permite una decisi\u00f3n m\u00e1s poderosa que apoya la sostenibilidad y el \u00e9xito de los negocios.<\/span><\/p><\/div><\/div><div class=\"gap clearfix\" style=\"height: 35px;\"><\/div><div class=\"services style1 right clearfix\" ><div><h3>La seguridad<\/h3><p><span style=\"font-weight: 400;\">La continuidad del negocio es de suma importancia. Se realizan diariamente copias de seguridad autom\u00e1ticas completas fuera del sitio para garantizar que los datos est\u00e9n siempre disponibles.<\/span><\/p><\/div><\/div><div class=\"gap clearfix\" style=\"height: 35px;\"><\/div><div class=\"services style1 right clearfix\" ><div><h3>IOT y Cloud habilitado<\/h3><p><span style=\"font-weight: 400;\">Integraci\u00f3n con controladores integrables que permiten la extracci\u00f3n autom\u00e1tica de datos ambientales de granjas y casas. <\/span><\/p><\/div><\/div><div class=\"gap clearfix\" style=\"height: 35px;\"><\/div><\/div><\/div><\/div><div class=\"wpb_column vc_column_container vc_col-sm-4\"><div class=\"vc_column-inner\"><div class=\"wpb_wrapper\"><div class=\"gap clearfix\" style=\"height: 90px;\"><\/div>\n\t<div  class=\"wpb_single_image wpb_content_element vc_align_center\">\n\t\t\n\t\t<figure class=\"wpb_wrapper vc_figure\">\n\t\t\t<div class=\"vc_single_image-wrapper   vc_box_border_grey\"><img width=\"432\" height=\"419\" src=\"https:\/\/abuerdan.com\/wp-content\/uploads\/2018\/04\/abuerdan-product-1.jpg\" class=\"vc_single_image-img attachment-full\" alt=\"\" loading=\"lazy\" srcset=\"https:\/\/abuerdan.com\/wp-content\/uploads\/2018\/04\/abuerdan-product-1.jpg 432w, https:\/\/abuerdan.com\/wp-content\/uploads\/2018\/04\/abuerdan-product-1-420x407.jpg 420w\" sizes=\"(max-width: 432px) 100vw, 432px\" \/><\/div>\n\t\t<\/figure>\n\t<\/div>\n<div class=\"gap clearfix\" style=\"height: 80px;\"><\/div><\/div><\/div><\/div><div class=\"wpb_column vc_column_container vc_col-sm-4\"><div class=\"vc_column-inner\"><div class=\"wpb_wrapper\"><div class=\"gap clearfix\" style=\"height: 40px;\"><\/div><div class=\"services style1 left clearfix\" ><div><h3>Integraci\u00f3n de sistemas<\/h3><p><span style=\"font-weight: 400;\">Integraciones perfectas como un servicio entre AbuErdan y otros sistemas como ERP y sistemas de contabilidad.<br \/>\n<\/span><\/p><\/div><\/div><div class=\"gap clearfix\" style=\"height: 35px;\"><\/div><div class=\"services style1 left clearfix\" ><div><h3>Planificaci\u00f3n<\/h3><p><span style=\"font-weight: 400;\">Empoderar a los gerentes de producci\u00f3n con herramientas de planificaci\u00f3n para su producci\u00f3n en toda la cadena de valor av\u00edcola.<br \/>\n<\/span><\/p><\/div><\/div><div class=\"gap clearfix\" style=\"height: 35px;\"><\/div><div class=\"services style1 left clearfix\" ><div><h3>Resiliencia<\/h3><p><span style=\"font-weight: 400;\">Recopile datos diarios en vivo de granjas y casas de manera confiable, incluso en casos donde la conectividad es deficiente al proporcionar aplicaciones dise\u00f1adas para ser resistentes a la conectividad intermitente y el tiempo de inactividad.<\/span><\/p><\/div><\/div><div class=\"gap clearfix\" style=\"height: 35px;\"><\/div><\/div><\/div><\/div><\/div><div data-vc-full-width=\"true\" data-vc-full-width-init=\"false\" class=\"vc_row wpb_row vc_row-fluid tar vc_custom_1581943630529 vc_row-has-fill\"><div class=\"wpb_column vc_column_container vc_col-sm-8\"><div class=\"vc_column-inner\"><div class=\"wpb_wrapper\">\n\t<div class=\"wpb_text_column wpb_content_element\" >\n\t\t<div class=\"wpb_wrapper\">\n\t\t\t<h2 style=\"text-align: left;\"><span style=\"color: #ffffff;\">\u00bfTiene alguna pregunta sobre nuestros servicios?<\/span><\/h2>\n\n\t\t<\/div>\n\t<\/div>\n<\/div><\/div><\/div><div class=\"wpb_column vc_column_container vc_col-sm-4\"><div class=\"vc_column-inner\"><div class=\"wpb_wrapper\"><div class='text-right'><a class='btn mrdd large default customcolor' href='https:\/\/docs.google.com\/forms\/d\/e\/1FAIpQLSfTQxPbM5_822K7SXJH2WszLq-kE-cI4Q6GXjCp-JCB-Hk4ig\/viewform?c=0&amp;w=1' target='_self'  style=\"border-color:#ffffff;color:#ffffff;;\" >Solicitar demostraci\u00f3n<\/a><\/div><\/div><\/div><\/div><\/div><div class=\"vc_row-full-width vc_clearfix\"><\/div><div class=\"vc_row wpb_row vc_row-fluid\"><div class=\"wpb_column vc_column_container vc_col-sm-12\"><div class=\"vc_column-inner\"><div class=\"wpb_wrapper\"><div class=\"gap clearfix\" style=\"height: 30px;\"><\/div><\/div><\/div><\/div><\/div><div class=\"vc_row wpb_row vc_row-fluid\"><div class=\"wpb_column vc_column_container vc_col-sm-12\"><div class=\"vc_column-inner\"><div class=\"wpb_wrapper\"><div class=\"gap clearfix\" style=\"height: 30px;\"><\/div><div class=\"clearfix main-title title-center\"><h2 class=\"title_line\">Adopci\u00f3n tan f\u00e1cil como 1,2,3<\/h2><\/div><\/div><\/div><\/div><\/div><div class=\"vc_row wpb_row vc_row-fluid\"><div class=\"wpb_column vc_column_container vc_col-sm-4\"><div class=\"vc_column-inner\"><div class=\"wpb_wrapper\"><div class=\"process_box vertical_process\"><span style=\"color:#3bb73e\">1<\/span><h3>Reg\u00edstrese para el servicio<\/h3><p>Registrarse para el servicio lleva 1 d\u00eda.<\/p><\/div><\/div><\/div><\/div><div class=\"wpb_column vc_column_container vc_col-sm-4\"><div class=\"vc_column-inner\"><div class=\"wpb_wrapper\"><div class=\"process_box vertical_process\"><span style=\"color:#3bb73e\">2<\/span><h3>Formaci\u00f3n <\/h3><p>La capacitaci\u00f3n del personal toma un m\u00e1ximo de un par de horas por m\u00f3dulo.<\/p><\/div><\/div><\/div><\/div><div class=\"wpb_column vc_column_container vc_col-sm-4\"><div class=\"vc_column-inner\"><div class=\"wpb_wrapper\"><div class=\"process_box vertical_process\"><span style=\"color:#3bb73e\">3<\/span><h3>\u00a1Ir a vivir!<\/h3><p>Est\u00e9 atento al desempe\u00f1o de sus operaciones.<\/p><\/div><\/div><\/div><\/div><\/div><div class=\"vc_row wpb_row vc_row-fluid\"><div class=\"wpb_column vc_column_container vc_col-sm-12\"><div class=\"vc_column-inner\"><div class=\"wpb_wrapper\"><div class=\"gap clearfix\" style=\"height: 20px;\"><\/div><\/div><\/div><\/div><\/div><div data-vc-full-width=\"true\" data-vc-full-width-init=\"false\" data-vc-parallax=\"2.5\" data-vc-parallax-image=\"\" class=\"vc_row wpb_row vc_row-fluid tar para-border vc_custom_1581943681964 vc_row-has-fill vc_general vc_parallax vc_parallax-content-moving\"><div class=\"wpb_column vc_column_container vc_col-sm-12\"><div class=\"vc_column-inner\"><div class=\"wpb_wrapper\"><div class=\"gap clearfix\" style=\"height: 10px;\"><\/div><div class=\"clearfix main-title title-center\"><h2 class=\"title_line\">\u00bfQu\u00e9 dijeron nuestros clientes?<\/h2><\/div>\t\t\n        <!-- testimonial -->\n\t\t<div class=\"bizpro_testimonials light\"  style=\"background:#757575;\" >\n\t\t\t<div id=\"tst_1723858212\" class=\"custom_block2\">\n\t\t\t\t<div class=\"inner_list\">\n\t\t\t\t\t<ul><li><a href=\"#tst_1\"><\/a><\/li><li><a href=\"#tst_2\"><\/a><\/li><li><a href=\"#tst_3\"><\/a><\/li><\/ul>\n\t\t\t\t<\/div>\n\t\t\t<\/div>\n\t\t\t\n\t\t\t<div id=\"tst_265068956\" class=\"custom_block2_testimonial light\"><div class=\"h_slider\"><span class=\"tst_1\">&quot;Me gusta su dise\u00f1o simple, limpio y f\u00e1cil de usar&quot;.<small> Gerente de Operaciones Av\u00edcolas <\/small><\/span><\/div><div class=\"h_slider\"><span class=\"tst_2\">&quot;De todas las cosas que he visto, nunca vi algo como esto&quot;<small> Gerente de Pa\u00eds <\/small><\/span><\/div><div class=\"h_slider\"><span class=\"tst_3\">&quot;No puedo imaginar c\u00f3mo alguien podr\u00eda administrar sus operaciones sin AbuErdan&quot;<small> Gerente de producci\u00f3n de pollos de engorde <\/small><\/span><\/div><\/div>\n\t\t<\/div>\n\t\t<!-- \/testimonial -->\n\n<div class=\"gap clearfix\" style=\"height: 50px;\"><\/div><\/div><\/div><\/div><\/div><div class=\"vc_row-full-width vc_clearfix\"><\/div><div class=\"vc_row wpb_row vc_row-fluid\"><div class=\"wpb_column vc_column_container vc_col-sm-6\"><div class=\"vc_column-inner\"><div class=\"wpb_wrapper\"><div class=\"gap clearfix\" style=\"height: 20px;\"><\/div>\n<div class=\"vc_chart vc_line-chart wpb_content_element\" data-vc-legend=\"1\" data-vc-tooltips=\"1\" data-vc-animation=\"easeinOutCubic\" data-vc-type=\"line\" data-vc-values=\"{&quot;labels&quot;:[&quot;2013&quot;,&quot; 2014&quot;,&quot; 2015&quot;,&quot; 2016&quot;,&quot; 2017&quot;,&quot; 2018&quot;,&quot;2019&quot;],&quot;datasets&quot;:[{&quot;label&quot;:&quot;Saved Hours&quot;,&quot;fillColor&quot;:&quot;rgba(76, 173, 201, 0.1)&quot;,&quot;strokeColor&quot;:&quot;#4cadc9&quot;,&quot;pointColor&quot;:&quot;#4cadc9&quot;,&quot;pointStrokeColor&quot;:&quot;#4cadc9&quot;,&quot;highlightFill&quot;:&quot;#39a0bd&quot;,&quot;highlightStroke&quot;:&quot;#39a0bd&quot;,&quot;pointHighlightFill&quot;:&quot;#39a0bd&quot;,&quot;pointHighlightStroke&quot;:&quot;#39a0bd&quot;,&quot;data&quot;:[&quot;6022&quot;,&quot; 20476&quot;,&quot; 39347&quot;,&quot; 55607&quot;,&quot; 110814&quot;,&quot; 150814&quot;,&quot; 210710&quot;]}]}\">\n\t\n\t<div class=\"wpb_wrapper\">\n\t\t<div class=\"vc_chart-with-legend\"><canvas class=\"vc_line-chart-canvas\" width=\"1\" height=\"1\"><\/canvas><\/div><ul class=\"vc_chart-legend\"><li><span style=\"background-color:#4cadc9\"><\/span>Horas ahorradas<\/li><\/ul>\n\t<\/div>\n<\/div>\n<\/div><\/div><\/div><div class=\"wpb_column vc_column_container vc_col-sm-6\"><div class=\"vc_column-inner\"><div class=\"wpb_wrapper\"><div class=\"clearfix main-title title-center\"><h3 class=\"title_line\">Horas ahorradas<\/h3><\/div>\n\t<div class=\"wpb_text_column wpb_content_element\" >\n\t\t<div class=\"wpb_wrapper\">\n\t\t\t<h3 style=\"text-align: center;\">Ahorre una cantidad significativa de horas del valioso tiempo de su personal.<\/h3>\n\n\t\t<\/div>\n\t<\/div>\n<div class=\"gap clearfix\" style=\"height: 60px;\"><\/div><div class=\"gap clearfix\" style=\"height: 60px;\"><\/div><div class=\"vc_row wpb_row vc_inner vc_row-fluid\"><div class=\"wpb_column vc_column_container vc_col-sm-4\"><div class=\"vc_column-inner\"><div class=\"wpb_wrapper\"><div  class= \"vc_pie_chart wpb_content_element\" data-pie-value=\"45\" data-pie-label-value=\"45%\" data-pie-units=\"\" data-pie-color=\"#3bb73e\"><div class=\"wpb_wrapper\"><div class=\"vc_pie_wrapper\"><span class=\"vc_pie_chart_back\" style=\"border-color: #3bb73e\"><\/span><span class=\"vc_pie_chart_value\"><\/span><canvas width=\"101\" height=\"101\"><\/canvas><\/div><h4 class=\"wpb_heading wpb_pie_chart_heading\">Gerente de Operaciones<\/h4><\/div><\/div><\/div><\/div><\/div><div class=\"wpb_column vc_column_container vc_col-sm-4\"><div class=\"vc_column-inner\"><div class=\"wpb_wrapper\"><div  class= \"vc_pie_chart wpb_content_element\" data-pie-value=\"31\" data-pie-label-value=\"31%\" data-pie-units=\"\" data-pie-color=\"#3bb73e\"><div class=\"wpb_wrapper\"><div class=\"vc_pie_wrapper\"><span class=\"vc_pie_chart_back\" style=\"border-color: #3bb73e\"><\/span><span class=\"vc_pie_chart_value\"><\/span><canvas width=\"101\" height=\"101\"><\/canvas><\/div><h4 class=\"wpb_heading wpb_pie_chart_heading\">Gerente de granja<\/h4><\/div><\/div><\/div><\/div><\/div><div class=\"wpb_column vc_column_container vc_col-sm-4\"><div class=\"vc_column-inner\"><div class=\"wpb_wrapper\"><div  class= \"vc_pie_chart wpb_content_element\" data-pie-value=\"100\" data-pie-label-value=\"100\" data-pie-units=\"%\" data-pie-color=\"#3bb73e\"><div class=\"wpb_wrapper\"><div class=\"vc_pie_wrapper\"><span class=\"vc_pie_chart_back\" style=\"border-color: #3bb73e\"><\/span><span class=\"vc_pie_chart_value\"><\/span><canvas width=\"101\" height=\"101\"><\/canvas><\/div><h4 class=\"wpb_heading wpb_pie_chart_heading\">Empleado de entrada de datos<\/h4><\/div><\/div><\/div><\/div><\/div><\/div><\/div><\/div><\/div><\/div><div class=\"vc_row wpb_row vc_row-fluid\"><div class=\"wpb_column vc_column_container vc_col-sm-12\"><div class=\"vc_column-inner\"><div class=\"wpb_wrapper\"><div class=\"gap clearfix\" style=\"height: 50px;\"><\/div><\/div><\/div><\/div><\/div><div data-vc-full-width=\"true\" data-vc-full-width-init=\"false\" data-vc-parallax=\"2.5\" data-vc-parallax-image=\"https:\/\/abuerdan.com\/wp-content\/uploads\/2018\/04\/Artboard.jpg\" class=\"vc_row wpb_row vc_row-fluid tac para-border vc_row-has-fill vc_general vc_parallax vc_parallax-content-moving\"><div class=\"wpb_column vc_column_container vc_col-sm-12\"><div class=\"vc_column-inner\"><div class=\"wpb_wrapper\"><div class=\"gap clearfix\" style=\"height: 70px;\"><\/div>\n\t<div class=\"wpb_text_column wpb_content_element\" >\n\t\t<div class=\"wpb_wrapper\">\n\t\t\t<h2>\u00bfEst\u00e1s listo para llevar tus operaciones av\u00edcolas al siguiente nivel?<\/h2>\n<h3>Somos tu soluci\u00f3n!<\/h3>\n\n\t\t<\/div>\n\t<\/div>\n<div class=\"vc_row wpb_row vc_inner vc_row-fluid\"><div class=\"wpb_column vc_column_container vc_col-sm-2\"><div class=\"vc_column-inner\"><div class=\"wpb_wrapper\"><\/div><\/div><\/div><div class=\"wpb_column vc_column_container vc_col-sm-2\"><div class=\"vc_column-inner\"><div class=\"wpb_wrapper\"><\/div><\/div><\/div><div class=\"wpb_column vc_column_container vc_col-sm-2\"><div class=\"vc_column-inner\"><div class=\"wpb_wrapper\"><a class='btn mrdd medium tbutton5 customcolor' href='http:\/\/abuerdan.com\/es\/solutions\/' target='_self'  style=\"background-color:#3bb73e;color:#ffffff;\" >Aprende mas...<\/a><\/div><\/div><\/div><div class=\"wpb_column vc_column_container vc_col-sm-2\"><div class=\"vc_column-inner\"><div class=\"wpb_wrapper\"><div class='text-right'><a class='btn mrdd medium tbutton5 customcolor' href='https:\/\/docs.google.com\/forms\/d\/e\/1FAIpQLSfTQxPbM5_822K7SXJH2WszLq-kE-cI4Q6GXjCp-JCB-Hk4ig\/viewform?c=0&amp;w=1' target='_self'  style=\"background-color:#3bb73e;color:#ffffff;\" >Solicitar demostraci\u00f3n<\/a><\/div><\/div><\/div><\/div><div class=\"wpb_column vc_column_container vc_col-sm-2\"><div class=\"vc_column-inner\"><div class=\"wpb_wrapper\"><\/div><\/div><\/div><div class=\"wpb_column vc_column_container vc_col-sm-2\"><div class=\"vc_column-inner\"><div class=\"wpb_wrapper\"><\/div><\/div><\/div><\/div><div class=\"gap clearfix\" style=\"height: 50px;\"><\/div><\/div><\/div><\/div><\/div><div class=\"vc_row-full-width vc_clearfix\"><\/div><div class=\"vc_row wpb_row vc_row-fluid\"><div class=\"wpb_column vc_column_container vc_col-sm-12\"><div class=\"vc_column-inner\"><div class=\"wpb_wrapper\"><div class=\"gap clearfix\" style=\"height: 20px;\"><\/div><\/div><\/div><\/div><\/div><div data-vc-full-width=\"true\" data-vc-full-width-init=\"false\" class=\"vc_row wpb_row vc_row-fluid vc_custom_1474329284117 vc_row-has-fill vc_row-o-equal-height vc_row-flex\"><div class=\"wpb_column vc_column_container vc_col-sm-4\"><div class=\"vc_column-inner\"><div class=\"wpb_wrapper\">\n\t<div  class=\"wpb_single_image wpb_content_element vc_align_left\">\n\t\t\n\t\t<figure class=\"wpb_wrapper vc_figure\">\n\t\t\t<div class=\"vc_single_image-wrapper   vc_box_border_grey\"><img width=\"550\" height=\"680\" src=\"https:\/\/abuerdan.com\/wp-content\/uploads\/2018\/04\/image.jpg\" class=\"vc_single_image-img attachment-large\" alt=\"\" loading=\"lazy\" srcset=\"https:\/\/abuerdan.com\/wp-content\/uploads\/2018\/04\/image.jpg 550w, https:\/\/abuerdan.com\/wp-content\/uploads\/2018\/04\/image-420x519.jpg 420w\" sizes=\"(max-width: 550px) 100vw, 550px\" \/><\/div>\n\t\t<\/figure>\n\t<\/div>\n<\/div><\/div><\/div><div class=\"wpb_column vc_column_container vc_col-sm-8\"><div class=\"vc_column-inner\"><div class=\"wpb_wrapper\"><div class=\"gap clearfix\" style=\"height: 80px;\"><\/div><div class=\"clearfix main-title title-left title-with-icon\"><h2 class=\"title_line\"><i class=\"title-icon fa fa-info-circle\" ><\/i>F\u00e1cil de poner en marcha<\/h2><\/div><hr class=\"line\" style=\"background-color:#dddddd;float:left;margin-top:0;\" ><div class=\"clearfix\"><\/div>\n\t<div class=\"wpb_text_column wpb_content_element\" >\n\t\t<div class=\"wpb_wrapper\">\n\t\t\t<p style=\"text-align: justify;\"><span style=\"color: #808080;\">El personal de la granja utiliza una aplicaci\u00f3n que est\u00e1 dise\u00f1ada con extrema facilidad de uso como el objetivo principal para facilitar la adopci\u00f3n por parte del personal agr\u00edcola no experto en tecnolog\u00eda con una capacitaci\u00f3n m\u00ednima. Una compa\u00f1\u00eda av\u00edcola puede adoptar la soluci\u00f3n, comenzar a usarla y vivir en exactamente 1 d\u00eda, incluida la capacitaci\u00f3n del personal.<\/span><\/p>\n\n\t\t<\/div>\n\t<\/div>\n<a class='btn mrdd medium tbutton5 customcolor' href=' https:\/\/docs.google.com\/forms\/d\/e\/1FAIpQLSfTQxPbM5_822K7SXJH2WszLq-kE-cI4Q6GXjCp-JCB-Hk4ig\/viewform?c=0&amp;w=1' target='_self'  style=\"background-color:#3bb73e;color:#ffffff;\" >Solicitar demostraci\u00f3n<\/a><\/div><\/div><\/div><\/div><div class=\"vc_row-full-width vc_clearfix\"><\/div><div class=\"vc_row wpb_row vc_row-fluid\"><div class=\"wpb_column vc_column_container vc_col-sm-12\"><div class=\"vc_column-inner\"><div class=\"wpb_wrapper\">\n\t<div class=\"wpb_text_column wpb_content_element\" >\n\t\t<div class=\"wpb_wrapper\">\n\t\t\t\n\t\t<\/div>\n\t<\/div>\n<\/div><\/div><\/div><\/div>","protected":false},"excerpt":{"rendered":"","protected":false},"author":1,"featured_media":0,"parent":0,"menu_order":0,"comment_status":"closed","ping_status":"closed","template":"","meta":[],"_links":{"self":[{"href":"http:\/\/abuerdan.com\/es\/wp-json\/wp\/v2\/pages\/4"}],"collection":[{"href":"http:\/\/abuerdan.com\/es\/wp-json\/wp\/v2\/pages"}],"about":[{"href":"http:\/\/abuerdan.com\/es\/wp-json\/wp\/v2\/types\/page"}],"author":[{"embeddable":true,"href":"http:\/\/abuerdan.com\/es\/wp-json\/wp\/v2\/users\/1"}],"replies":[{"embeddable":true,"href":"http:\/\/abuerdan.com\/es\/wp-json\/wp\/v2\/comments?post=4"}],"version-history":[{"count":115,"href":"http:\/\/abuerdan.com\/es\/wp-json\/wp\/v2\/pages\/4\/revisions"}],"predecessor-version":[{"id":2243,"href":"http:\/\/abuerdan.com\/es\/wp-json\/wp\/v2\/pages\/4\/revisions\/2243"}],"wp:attachment":[{"href":"http:\/\/abuerdan.com\/es\/wp-json\/wp\/v2\/media?parent=4"}],"curies":[{"name":"wp","href":"https:\/\/api.w.org\/{rel}","templated":true}]}}